{"id":13,"date":"2025-06-04T12:09:53","date_gmt":"2025-06-04T10:09:53","guid":{"rendered":"https:\/\/helger.fr\/?page_id=13"},"modified":"2025-06-04T17:52:25","modified_gmt":"2025-06-04T15:52:25","slug":"contacter-le-lecteur-correcteur","status":"publish","type":"page","link":"https:\/\/helger.fr\/index.php\/contacter-le-lecteur-correcteur\/","title":{"rendered":"Contact"},"content":{"rendered":"\n<p>Vous pouvez m&rsquo;envoyer un message \u00e0 l&rsquo;adresse suivante :<br><a href=\"mailto:&#116;h&#111;&#109;a&#115;&#64;hel&#103;er.f&#114;\" title=\"&#116;h&#111;&#109;a&#115;&#64;hel&#103;er.f&#114;\">&#116;h&#111;&#109;a&#115;&#64;hel&#103;er.f&#114;<\/a><\/p>\n\n\n\n<p>ou me joindre \u00e0 ce num\u00e9ro :<\/p>\n\n\n\n<figure class=\"wp-block-image size-large is-resized\"><img decoding=\"async\" src=\"http:\/\/www.theo-phil.fr\/wp-content\/uploads\/2023\/07\/photo_1-1024x768.jpeg\" alt=\"\" class=\"wp-image-42\" style=\"width:501px;height:375px\"\/><\/figure>\n\n\n\n<p class=\"has-text-align-center\">*<\/p>\n\n\n\n<p><\/p>\n","protected":false},"excerpt":{"rendered":"<p>Vous pouvez m&rsquo;envoyer un message \u00e0 l&rsquo;adresse suivante : ou me joindre \u00e0 ce num\u00e9ro : *<\/p>\n","protected":false},"author":1,"featured_media":0,"parent":0,"menu_order":0,"comment_status":"closed","ping_status":"closed","template":"","meta":{"footnotes":""},"class_list":["post-13","page","type-page","status-publish","hentry"],"_links":{"self":[{"href":"https:\/\/helger.fr\/index.php\/wp-json\/wp\/v2\/pages\/13","targetHints":{"allow":["GET"]}}],"collection":[{"href":"https:\/\/helger.fr\/index.php\/wp-json\/wp\/v2\/pages"}],"about":[{"href":"https:\/\/helger.fr\/index.php\/wp-json\/wp\/v2\/types\/page"}],"author":[{"embeddable":true,"href":"https:\/\/helger.fr\/index.php\/wp-json\/wp\/v2\/users\/1"}],"replies":[{"embeddable":true,"href":"https:\/\/helger.fr\/index.php\/wp-json\/wp\/v2\/comments?post=13"}],"version-history":[{"count":14,"href":"https:\/\/helger.fr\/index.php\/wp-json\/wp\/v2\/pages\/13\/revisions"}],"predecessor-version":[{"id":69,"href":"https:\/\/helger.fr\/index.php\/wp-json\/wp\/v2\/pages\/13\/revisions\/69"}],"wp:attachment":[{"href":"https:\/\/helger.fr\/index.php\/wp-json\/wp\/v2\/media?parent=13"}],"curies":[{"name":"wp","href":"https:\/\/api.w.org\/{rel}","templated":true}]}}